{"id":275,"date":"2017-08-02T11:37:36","date_gmt":"2017-08-02T09:37:36","guid":{"rendered":"http:\/\/rushmore.wpcolorlab.com\/?page_id=275"},"modified":"2023-05-18T13:32:09","modified_gmt":"2023-05-18T11:32:09","slug":"research-lines","status":"publish","type":"page","link":"https:\/\/gpt.i3a.es\/es\/research-lines\/","title":{"rendered":"L\u00edneas de investigaci\u00f3n"},"content":{"rendered":"<div id=\"pl-gb275-69d76cd8b362b\"  class=\"panel-layout\" ><div id=\"pg-gb275-69d76cd8b362b-0\"  class=\"panel-grid panel-has-style\" ><div class=\"siteorigin-panels-stretch panel-row-style panel-row-style-for-gb275-69d76cd8b362b-0\" data-stretch-type=\"full-width-stretch\" ><div id=\"pgc-gb275-69d76cd8b362b-0-0\"  class=\"panel-grid-cell\" ><div id=\"panel-gb275-69d76cd8b362b-0-0-0\" class=\"so-panel widget widget_sow-hero panel-first-child panel-last-child\" data-index=\"0\" ><div\n\t\t\t\n\t\t\tclass=\"so-widget-sow-hero so-widget-sow-hero-default-93415d0e2dbf-275 so-widget-fittext-wrapper\"\n\t\t\t data-fit-text-compressor=\"0.85\"\n\t\t>\t\t\t\t<div class=\"sow-slider-base\" style=\"display: none\" tabindex=\"0\">\n\t\t\t\t\t<ul\n\t\t\t\t\tclass=\"sow-slider-images\"\n\t\t\t\t\tdata-settings=\"{&quot;pagination&quot;:true,&quot;speed&quot;:800,&quot;timeout&quot;:8000,&quot;paused&quot;:false,&quot;pause_on_hover&quot;:false,&quot;swipe&quot;:true,&quot;nav_always_show_desktop&quot;:&quot;&quot;,&quot;nav_always_show_mobile&quot;:&quot;&quot;,&quot;breakpoint&quot;:&quot;780px&quot;,&quot;unmute&quot;:false,&quot;anchor&quot;:null}\"\n\t\t\t\t\t\t\t\t\t\tdata-anchor-id=\"\"\n\t\t\t\t>\t\t<li class=\"sow-slider-image\" style=\"visibility: visible;;background-color: #1e73be\" >\n\t\t\t\t\t<div class=\"sow-slider-image-container\">\n\t\t\t<div class=\"sow-slider-image-wrapper\">\n\t\t\t\t<h1 style=\"text-align: center\"><strong>L\u00edneas de investigaci\u00f3n<\/strong><\/h1>\n\t\t\t<\/div>\n\t\t<\/div>\n\t\t\t\t<\/li>\n\t\t<\/ul>\t\t\t\t<ol class=\"sow-slider-pagination\">\n\t\t\t\t\t\t\t\t\t\t\t<li><a href=\"#\" data-goto=\"0\" aria-label=\"mostrar diapositiva 1\"><\/a><\/li>\n\t\t\t\t\t\t\t\t\t<\/ol>\n\n\t\t\t\t<div class=\"sow-slide-nav sow-slide-nav-next\">\n\t\t\t\t\t<a href=\"#\" data-goto=\"next\" aria-label=\"diapositiva siguiente\" data-action=\"next\">\n\t\t\t\t\t\t<em class=\"sow-sld-icon-thin-right\"><\/em>\n\t\t\t\t\t<\/a>\n\t\t\t\t<\/div>\n\n\t\t\t\t<div class=\"sow-slide-nav sow-slide-nav-prev\">\n\t\t\t\t\t<a href=\"#\" data-goto=\"previous\" aria-label=\"diapositiva anterior\" data-action=\"prev\">\n\t\t\t\t\t\t<em class=\"sow-sld-icon-thin-left\"><\/em>\n\t\t\t\t\t<\/a>\n\t\t\t\t<\/div>\n\t\t\t\t<\/div><\/div><\/div><\/div><\/div><\/div><div id=\"pg-gb275-69d76cd8b362b-1\"  class=\"panel-grid panel-no-style\" ><div id=\"pgc-gb275-69d76cd8b362b-1-0\"  class=\"panel-grid-cell\" ><div id=\"panel-gb275-69d76cd8b362b-1-0-0\" class=\"so-panel widget widget_sow-editor panel-first-child panel-last-child\" data-index=\"1\" ><div\n\t\t\t\n\t\t\tclass=\"so-widget-sow-editor so-widget-sow-editor-base\"\n\t\t\t\n\t\t>\n<div class=\"siteorigin-widget-tinymce textwidget\">\n\t<section class=\"kc-elm kc-css-628927 kc_row\">\n<div class=\"kc-row-container  kc-container\">\n<div class=\"kc-wrap-columns\">\n<div class=\"kc-elm kc-css-838804 kc_col-sm-12 kc_column kc_col-sm-12\">\n<div class=\"kc-col-container\">\n<div class=\"kc-elm kc-css-963372 kc_text_block\">\n<p>Nuestra investigaci\u00f3n se centra principalmente en los procesos de\u00a0<strong>pir\u00f3lisis, gasificaci\u00f3n y combusti\u00f3n\u00a0<\/strong>tanto a escala de laboratorio (investigaci\u00f3n fundamental) como de forma m\u00e1s aplicada, incluyendo desarrollos a escala piloto y de demostraci\u00f3n.<\/p>\n<\/div>\n<\/div>\n<\/div>\n<\/div>\n<\/div>\n<\/section>\n<\/div>\n<\/div><\/div><\/div><\/div><\/div>\n\n<div  class=\"ultp-post-grid-block wp-block-ultimate-post-post-grid-1 ultp-block-691e38\"><div class=\"ultp-block-wrapper\"><div class=\"ultp-loading\"><div class=\"ultp-loading-blocks\" style=\"width:100%;height:100%;\"><div style=\"left: 0;top: 0;animation-delay:0s;\"><\/div><div style=\"left: 21px;top: 0;animation-delay:0.125s;\"><\/div><div style=\"left: 42px;top: 0;animation-delay:0.25s;\"><\/div><div style=\"left: 0;top: 21px;animation-delay:0.875s;\"><\/div><div style=\"left: 42px;top: 21px;animation-delay:0.375s;\"><\/div><div style=\"left: 0;top: 42px;animation-delay:0.75s;\"><\/div><div style=\"left: 42px;top: 42px;animation-delay:0.625s;\"><\/div><div style=\"left: 21px;top: 42px;animation-delay:0.5s;\"><\/div><\/div><\/div><div class=\"ultp-block-items-wrap ultp-block-row ultp-pg1a-style1 ultp-grid1-responsive ultp-block-column-3 ultp-sm-column-2 ultp-xs-column-1 ultp-layout1\"><div class=\"ultp-block-item post-id-3051\"><div class=\"ultp-block-content-wrap\"><div class=\"ultp-block-image ultp-block-image-opacity\"><a href=\"https:\/\/gpt.i3a.es\/es\/production-of-bioproducts-and-biofuels-from-biomass-and-waste\/\" ><img decoding=\"async\"  class=\"ultp-block-image-content\"  alt=\"Production of bioproducts and biofuels from biomass and waste\"  src=\"https:\/\/gpt.i3a.es\/wp-content\/uploads\/2020\/10\/INVESTIGACION-20200625-84-e1602769591973-870x570.jpg\" \/><\/a><\/div><div class=\"ultp-block-content\"><h3 class=\"ultp-block-title\"><a href=\"https:\/\/gpt.i3a.es\/es\/production-of-bioproducts-and-biofuels-from-biomass-and-waste\/\" >Bioproductos y biocombustibles a partir de biomasa y residuos<\/a><\/h3><div class=\"ultp-block-excerpt\">Esta l\u00ednea de investigaci\u00f3n se centra en la reducci\u00f3n de los contaminantes de la combusti\u00f3n, como los \u00f3xidos de nitr\u00f3geno y azufre, el holl\u00edn..., y tambi\u00e9n en explorar el comportamiento de la combusti\u00f3n de hidrocarburos, compuestos oxigenados u otros tipos de combustible.<\/div><div class=\"ultp-block-readmore\"><a aria-label=\"Bioproductos y biocombustibles a partir de biomasa y residuos\" href=\"https:\/\/gpt.i3a.es\/es\/production-of-bioproducts-and-biofuels-from-biomass-and-waste\/\" >Leer m\u00e1s<svg xmlns=\"http:\/\/www.w3.org\/2000\/svg\" viewbox=\"0 0 49.16 37.25\"><path stroke=\"rgba(0,0,0,0)\" stroke-miterlimit=\"10\" d=\"M28.1 36.154a2.048 2.048 0 0 1 0-2.9l12.5-12.5H2.55a2.05 2.05 0 1 1 0-4.1H40.6l-12.5-12.5a2.05 2.05 0 1 1 2.9-2.9l17.45 17.448L31 36.154a2.047 2.047 0 0 1-2.9 0Z\"\/><\/svg><\/a><\/div><\/div><\/div><\/div><div class=\"ultp-block-item post-id-4503\"><div class=\"ultp-block-content-wrap\"><div class=\"ultp-block-image ultp-block-image-opacity\"><a href=\"https:\/\/gpt.i3a.es\/es\/fuel-conversion-and-minimization-of-pollutant-emissions\/\" ><img decoding=\"async\"  class=\"ultp-block-image-content\"  alt=\"Fuel conversion and minimization of pollutant emissions\"  src=\"https:\/\/gpt.i3a.es\/wp-content\/uploads\/2020\/10\/INVESTIGACION-20200625-24-870x570.jpg\" \/><\/a><\/div><div class=\"ultp-block-content\"><h3 class=\"ultp-block-title\"><a href=\"https:\/\/gpt.i3a.es\/es\/fuel-conversion-and-minimization-of-pollutant-emissions\/\" >Conversi\u00f3n de combustibles y minimizaci\u00f3n de emisiones<\/a><\/h3><div class=\"ultp-block-excerpt\">Los principales objetivos de esta l\u00ednea de investigaci\u00f3n son la valorizaci\u00f3n y\/o reducci\u00f3n de residuos, principalmente mediante pir\u00f3lisis y gasificaci\u00f3n. Como resultado, se puede obtener una amplia gama de combustibles de base biol\u00f3gica o productos \u00fatiles.<\/div><div class=\"ultp-block-readmore\"><a aria-label=\"Conversi\u00f3n de combustibles y minimizaci\u00f3n de emisiones\" href=\"https:\/\/gpt.i3a.es\/es\/fuel-conversion-and-minimization-of-pollutant-emissions\/\" >Leer m\u00e1s<svg xmlns=\"http:\/\/www.w3.org\/2000\/svg\" viewbox=\"0 0 49.16 37.25\"><path stroke=\"rgba(0,0,0,0)\" stroke-miterlimit=\"10\" d=\"M28.1 36.154a2.048 2.048 0 0 1 0-2.9l12.5-12.5H2.55a2.05 2.05 0 1 1 0-4.1H40.6l-12.5-12.5a2.05 2.05 0 1 1 2.9-2.9l17.45 17.448L31 36.154a2.047 2.047 0 0 1-2.9 0Z\"\/><\/svg><\/a><\/div><\/div><\/div><\/div><\/div><\/div><div class=\"pagination-block-html\" aria-hidden=\"true\" style=\"display: none;\"><\/div><\/div>","protected":false},"excerpt":{"rendered":"","protected":false},"author":1,"featured_media":0,"parent":0,"menu_order":0,"comment_status":"closed","ping_status":"closed","template":"","meta":{"footnotes":""},"class_list":["post-275","page","type-page","status-publish"],"_links":{"self":[{"href":"https:\/\/gpt.i3a.es\/es\/wp-json\/wp\/v2\/pages\/275","targetHints":{"allow":["GET"]}}],"collection":[{"href":"https:\/\/gpt.i3a.es\/es\/wp-json\/wp\/v2\/pages"}],"about":[{"href":"https:\/\/gpt.i3a.es\/es\/wp-json\/wp\/v2\/types\/page"}],"author":[{"embeddable":true,"href":"https:\/\/gpt.i3a.es\/es\/wp-json\/wp\/v2\/users\/1"}],"replies":[{"embeddable":true,"href":"https:\/\/gpt.i3a.es\/es\/wp-json\/wp\/v2\/comments?post=275"}],"version-history":[{"count":56,"href":"https:\/\/gpt.i3a.es\/es\/wp-json\/wp\/v2\/pages\/275\/revisions"}],"predecessor-version":[{"id":4582,"href":"https:\/\/gpt.i3a.es\/es\/wp-json\/wp\/v2\/pages\/275\/revisions\/4582"}],"wp:attachment":[{"href":"https:\/\/gpt.i3a.es\/es\/wp-json\/wp\/v2\/media?parent=275"}],"curies":[{"name":"wp","href":"https:\/\/api.w.org\/{rel}","templated":true}]}}