{"id":3560,"date":"2022-04-05T09:49:50","date_gmt":"2022-04-05T07:49:50","guid":{"rendered":"https:\/\/wppruebas.i3a.es\/?page_id=3560"},"modified":"2023-06-05T13:46:53","modified_gmt":"2023-06-05T11:46:53","slug":"industry","status":"publish","type":"page","link":"https:\/\/gpt.i3a.es\/es\/industry\/","title":{"rendered":"Industria"},"content":{"rendered":"<div id=\"pl-gb3560-69e7683709c31\"  class=\"panel-layout\" ><div id=\"pg-gb3560-69e7683709c31-0\"  class=\"panel-grid panel-has-style\" ><div class=\"siteorigin-panels-stretch panel-row-style panel-row-style-for-gb3560-69e7683709c31-0\" data-stretch-type=\"full-width-stretch\" ><div id=\"pgc-gb3560-69e7683709c31-0-0\"  class=\"panel-grid-cell\" ><div id=\"panel-gb3560-69e7683709c31-0-0-0\" class=\"so-panel widget widget_sow-hero panel-first-child panel-last-child\" data-index=\"0\" ><div\n\t\t\t\n\t\t\tclass=\"so-widget-sow-hero so-widget-sow-hero-default-93415d0e2dbf-3560 so-widget-fittext-wrapper\"\n\t\t\t data-fit-text-compressor=\"0.85\"\n\t\t>\t\t\t\t<div class=\"sow-slider-base\" style=\"display: none\" tabindex=\"0\">\n\t\t\t\t\t<ul\n\t\t\t\t\tclass=\"sow-slider-images\"\n\t\t\t\t\tdata-settings=\"{&quot;pagination&quot;:true,&quot;speed&quot;:800,&quot;timeout&quot;:8000,&quot;paused&quot;:false,&quot;pause_on_hover&quot;:false,&quot;swipe&quot;:true,&quot;nav_always_show_desktop&quot;:&quot;&quot;,&quot;nav_always_show_mobile&quot;:&quot;&quot;,&quot;breakpoint&quot;:&quot;780px&quot;,&quot;unmute&quot;:false,&quot;anchor&quot;:null}\"\n\t\t\t\t\t\t\t\t\t\tdata-anchor-id=\"\"\n\t\t\t\t>\t\t<li class=\"sow-slider-image  sow-slider-image-cover\" style=\"visibility: visible;;background-color: #333333;background-image: url(https:\/\/gpt.i3a.es\/wp-content\/uploads\/2020\/10\/MG_0416-Editar-2-scaled-e1603189410845.jpg)\" >\n\t\t\t\t\t<div class=\"sow-slider-image-container\">\n\t\t\t<div class=\"sow-slider-image-wrapper\">\n\t\t\t\t<h1 style=\"text-align: center\"><strong>Industria<\/strong><\/h1>\t\t\t<\/div>\n\t\t<\/div>\n\t\t\t\t<\/li>\n\t\t<\/ul>\t\t\t\t<ol class=\"sow-slider-pagination\">\n\t\t\t\t\t\t\t\t\t\t\t<li><a href=\"#\" data-goto=\"0\" aria-label=\"mostrar diapositiva 1\"><\/a><\/li>\n\t\t\t\t\t\t\t\t\t<\/ol>\n\n\t\t\t\t<div class=\"sow-slide-nav sow-slide-nav-next\">\n\t\t\t\t\t<a href=\"#\" data-goto=\"next\" aria-label=\"diapositiva siguiente\" data-action=\"next\">\n\t\t\t\t\t\t<em class=\"sow-sld-icon-thin-right\"><\/em>\n\t\t\t\t\t<\/a>\n\t\t\t\t<\/div>\n\n\t\t\t\t<div class=\"sow-slide-nav sow-slide-nav-prev\">\n\t\t\t\t\t<a href=\"#\" data-goto=\"previous\" aria-label=\"diapositiva anterior\" data-action=\"prev\">\n\t\t\t\t\t\t<em class=\"sow-sld-icon-thin-left\"><\/em>\n\t\t\t\t\t<\/a>\n\t\t\t\t<\/div>\n\t\t\t\t<\/div><\/div><\/div><\/div><\/div><\/div><\/div>\n\n<div id=\"pl-gb3560-69e768370b1c6\"  class=\"panel-layout\" ><div id=\"pg-gb3560-69e768370b1c6-0\"  class=\"panel-grid panel-no-style\" ><div id=\"pgc-gb3560-69e768370b1c6-0-0\"  class=\"panel-grid-cell\" ><div id=\"panel-gb3560-69e768370b1c6-0-0-0\" class=\"so-panel widget widget_sow-editor panel-first-child panel-last-child\" data-index=\"0\" ><div\n\t\t\t\n\t\t\tclass=\"so-widget-sow-editor so-widget-sow-editor-base\"\n\t\t\t\n\t\t>\n<div class=\"siteorigin-widget-tinymce textwidget\">\n\t<p>El objetivo de nuestra investigaci\u00f3n no se limita a contribuir al conocimiento fundamental de los procesos termoqu\u00edmicos. Investigamos el desarrollo y escalado de estas tecnolog\u00edas en colaboraci\u00f3n directa con empresas del \u00e1mbito industrial.<\/p>\n<\/div>\n<\/div><\/div><\/div><\/div><div id=\"pg-gb3560-69e768370b1c6-1\"  class=\"panel-grid panel-no-style\" ><div id=\"pgc-gb3560-69e768370b1c6-1-0\"  class=\"panel-grid-cell\" ><div id=\"panel-gb3560-69e768370b1c6-1-0-0\" class=\"so-panel widget widget_sow-editor panel-first-child panel-last-child\" data-index=\"1\" ><div\n\t\t\t\n\t\t\tclass=\"so-widget-sow-editor so-widget-sow-editor-base\"\n\t\t\t\n\t\t>\n<div class=\"siteorigin-widget-tinymce textwidget\">\n\t<hr \/>\n<h4><span style=\"color: #1e73be;\">ASESOR\u00cdA TECNOL\u00d3GICA<\/span><\/h4>\n<p>El grupo ha proporcionado asesor\u00eda tecnol\u00f3gica en procesos termoqu\u00edmicos a numerosas empresas nacionales e internacionales.<\/p>\n<\/div>\n<\/div><\/div><\/div><div id=\"pgc-gb3560-69e768370b1c6-1-1\"  class=\"panel-grid-cell\" ><div id=\"panel-gb3560-69e768370b1c6-1-1-0\" class=\"so-panel widget widget_sow-editor panel-first-child panel-last-child\" data-index=\"2\" ><div\n\t\t\t\n\t\t\tclass=\"so-widget-sow-editor so-widget-sow-editor-base\"\n\t\t\t\n\t\t>\n<div class=\"siteorigin-widget-tinymce textwidget\">\n\t<hr \/>\n<h4><span style=\"color: #1e73be;\">DISE\u00d1O Y ESCALADO DE PROCESOS<\/span><\/h4>\n<p>Hemos llevado a cabo el dise\u00f1o, escalado, desarrollo y puesta en marcha de plantas para el tratamiento de biomasa y residuos, tanto a escala de laboratorio como piloto, demostraci\u00f3n o escala comercial, en colaboraci\u00f3n con empresas y en el marco de contratos de investigaci\u00f3n.<\/p>\n<\/div>\n<\/div><\/div><\/div><div id=\"pgc-gb3560-69e768370b1c6-1-2\"  class=\"panel-grid-cell\" ><div id=\"panel-gb3560-69e768370b1c6-1-2-0\" class=\"so-panel widget widget_sow-editor panel-first-child panel-last-child\" data-index=\"3\" ><div\n\t\t\t\n\t\t\tclass=\"so-widget-sow-editor so-widget-sow-editor-base\"\n\t\t\t\n\t\t>\n<div class=\"siteorigin-widget-tinymce textwidget\">\n\t<hr \/>\n<h4><span style=\"color: #1e73be;\">PROPIEDAD INTELECTUAL\/KNOW-HOW<\/span><\/h4>\n<p>Se ha contribuido al desarrollo de m\u00e1s de 10 patentes en los \u00faltimos 20 a\u00f1os, algunas de las cuales est\u00e1n en explotaci\u00f3n a fecha de hoy.<\/p>\n<\/div>\n<\/div><\/div><\/div><div id=\"pgc-gb3560-69e768370b1c6-1-3\"  class=\"panel-grid-cell\" ><div id=\"panel-gb3560-69e768370b1c6-1-3-0\" class=\"so-panel widget widget_sow-editor panel-first-child panel-last-child\" data-index=\"4\" ><div\n\t\t\t\n\t\t\tclass=\"so-widget-sow-editor so-widget-sow-editor-base\"\n\t\t\t\n\t\t>\n<div class=\"siteorigin-widget-tinymce textwidget\">\n\t<hr \/>\n<h4><span style=\"color: #1e73be;\">AN\u00c1LISIS DE BIOMASA\/RESIDUOS<\/span><\/h4>\n<p>Entre el equipamiento disponible en el grupo se incluyen an\u00e1lisis elemental e inmediato, bomba calorim\u00e9trica, TGA, TOC, valoraci\u00f3n Karl-Fischer, GC-MS, \u00e1rea superficiel BET, etc. Estas t\u00e9cnicas ayudan a determinar el proceso termoqu\u00edmico m\u00e1s adecuado para valorizar un residuo. as\u00ed como las caracter\u00edsticas de los productos obtenidos.<\/p>\n<\/div>\n<\/div><\/div><\/div><\/div><div id=\"pg-gb3560-69e768370b1c6-2\"  class=\"panel-grid panel-no-style\" ><div id=\"pgc-gb3560-69e768370b1c6-2-0\"  class=\"panel-grid-cell\" ><div id=\"panel-gb3560-69e768370b1c6-2-0-0\" class=\"so-panel widget widget_sow-editor panel-first-child\" data-index=\"5\" ><div\n\t\t\t\n\t\t\tclass=\"so-widget-sow-editor so-widget-sow-editor-base\"\n\t\t\t\n\t\t>\n<div class=\"siteorigin-widget-tinymce textwidget\">\n\t<hr \/>\n<h5 style=\"text-align: center;\">Enfoque multiescala<\/h5>\n<\/div>\n<\/div><\/div><div id=\"panel-gb3560-69e768370b1c6-2-0-1\" class=\"so-panel widget widget_sow-image panel-last-child\" data-index=\"6\" ><div\n\t\t\t\n\t\t\tclass=\"so-widget-sow-image so-widget-sow-image-default-c67d20f9f743-3560\"\n\t\t\t\n\t\t>\n<div class=\"sow-image-container\">\n\t\t<img \n\tsrc=\"https:\/\/gpt.i3a.es\/wp-content\/uploads\/2020\/10\/timeline.jpg\" width=\"536\" height=\"750\" srcset=\"https:\/\/gpt.i3a.es\/wp-content\/uploads\/2020\/10\/timeline.jpg 536w, https:\/\/gpt.i3a.es\/wp-content\/uploads\/2020\/10\/timeline-214x300.jpg 214w, https:\/\/gpt.i3a.es\/wp-content\/uploads\/2020\/10\/timeline-9x12.jpg 9w\" sizes=\"(max-width: 536px) 100vw, 536px\" alt=\"\" \t\tclass=\"so-widget-image\"\/>\n\t<\/div>\n\n<\/div><\/div><\/div><div id=\"pgc-gb3560-69e768370b1c6-2-1\"  class=\"panel-grid-cell\" ><div id=\"panel-gb3560-69e768370b1c6-2-1-0\" class=\"so-panel widget widget_sow-editor panel-first-child\" data-index=\"7\" ><div\n\t\t\t\n\t\t\tclass=\"so-widget-sow-editor so-widget-sow-editor-base\"\n\t\t\t\n\t\t>\n<div class=\"siteorigin-widget-tinymce textwidget\">\n\t<hr \/>\n<h5 style=\"text-align: center;\">Ejemplos<\/h5>\n<\/div>\n<\/div><\/div><div id=\"panel-gb3560-69e768370b1c6-2-1-1\" class=\"so-panel widget widget_sow-slider\" data-index=\"8\" ><div\n\t\t\t\n\t\t\tclass=\"so-widget-sow-slider so-widget-sow-slider-default-6d39609536fd-3560\"\n\t\t\t\n\t\t>\t\t\t\t<div class=\"sow-slider-base\" style=\"display: none\" tabindex=\"0\">\n\t\t\t\t\t<ul\n\t\t\t\t\tclass=\"sow-slider-images\"\n\t\t\t\t\tdata-settings=\"{&quot;pagination&quot;:true,&quot;speed&quot;:800,&quot;timeout&quot;:5000,&quot;paused&quot;:false,&quot;pause_on_hover&quot;:false,&quot;swipe&quot;:true,&quot;nav_always_show_desktop&quot;:true,&quot;nav_always_show_mobile&quot;:true,&quot;breakpoint&quot;:&quot;780px&quot;,&quot;unmute&quot;:false,&quot;anchor&quot;:null}\"\n\t\t\t\t\t\t\t\t\t\tdata-anchor-id=\"\"\n\t\t\t\t>\t\t<li class=\"sow-slider-image\" style=\"visibility: visible;\" >\n\t\t\t\t\t\t<img loading=\"lazy\" decoding=\"async\" width=\"785\" height=\"539\" src=\"https:\/\/gpt.i3a.es\/wp-content\/uploads\/2020\/10\/prototype.jpg\" class=\"sow-slider-background-image\" alt=\"\" style=\"\" srcset=\"https:\/\/gpt.i3a.es\/wp-content\/uploads\/2020\/10\/prototype.jpg 785w, https:\/\/gpt.i3a.es\/wp-content\/uploads\/2020\/10\/prototype-300x206.jpg 300w, https:\/\/gpt.i3a.es\/wp-content\/uploads\/2020\/10\/prototype-768x527.jpg 768w, https:\/\/gpt.i3a.es\/wp-content\/uploads\/2020\/10\/prototype-18x12.jpg 18w\" sizes=\"auto, (max-width: 785px) 100vw, 785px\" \/>\t\t<\/li>\n\t\t\t\t<li class=\"sow-slider-image\" style=\"visibility: hidden;\" >\n\t\t\t\t\t\t<img loading=\"lazy\" decoding=\"async\" width=\"467\" height=\"350\" src=\"https:\/\/gpt.i3a.es\/wp-content\/uploads\/2020\/10\/taim.jpg\" class=\"sow-slider-background-image\" alt=\"\" style=\"\" srcset=\"https:\/\/gpt.i3a.es\/wp-content\/uploads\/2020\/10\/taim.jpg 467w, https:\/\/gpt.i3a.es\/wp-content\/uploads\/2020\/10\/taim-300x225.jpg 300w, https:\/\/gpt.i3a.es\/wp-content\/uploads\/2020\/10\/taim-16x12.jpg 16w\" sizes=\"auto, (max-width: 467px) 100vw, 467px\" \/>\t\t<\/li>\n\t\t\t\t<li class=\"sow-slider-image\" style=\"visibility: hidden;\" >\n\t\t\t\t\t\t<img loading=\"lazy\" decoding=\"async\" width=\"473\" height=\"355\" src=\"https:\/\/gpt.i3a.es\/wp-content\/uploads\/2020\/10\/cadagua.jpg\" class=\"sow-slider-background-image\" alt=\"\" style=\"\" srcset=\"https:\/\/gpt.i3a.es\/wp-content\/uploads\/2020\/10\/cadagua.jpg 473w, https:\/\/gpt.i3a.es\/wp-content\/uploads\/2020\/10\/cadagua-300x225.jpg 300w, https:\/\/gpt.i3a.es\/wp-content\/uploads\/2020\/10\/cadagua-16x12.jpg 16w\" sizes=\"auto, (max-width: 473px) 100vw, 473px\" \/>\t\t<\/li>\n\t\t<\/ul>\t\t\t\t<ol class=\"sow-slider-pagination\">\n\t\t\t\t\t\t\t\t\t\t\t<li><a href=\"#\" data-goto=\"0\" aria-label=\"mostrar diapositiva 1\"><\/a><\/li>\n\t\t\t\t\t\t\t\t\t\t\t<li><a href=\"#\" data-goto=\"1\" aria-label=\"mostrar diapositiva 2\"><\/a><\/li>\n\t\t\t\t\t\t\t\t\t\t\t<li><a href=\"#\" data-goto=\"2\" aria-label=\"mostrar diapositiva 3\"><\/a><\/li>\n\t\t\t\t\t\t\t\t\t<\/ol>\n\n\t\t\t\t<div class=\"sow-slide-nav sow-slide-nav-next\">\n\t\t\t\t\t<a href=\"#\" data-goto=\"next\" aria-label=\"diapositiva siguiente\" data-action=\"next\">\n\t\t\t\t\t\t<em class=\"sow-sld-icon-thin-right\"><\/em>\n\t\t\t\t\t<\/a>\n\t\t\t\t<\/div>\n\n\t\t\t\t<div class=\"sow-slide-nav sow-slide-nav-prev\">\n\t\t\t\t\t<a href=\"#\" data-goto=\"previous\" aria-label=\"diapositiva anterior\" data-action=\"prev\">\n\t\t\t\t\t\t<em class=\"sow-sld-icon-thin-left\"><\/em>\n\t\t\t\t\t<\/a>\n\t\t\t\t<\/div>\n\t\t\t\t<\/div><\/div><\/div><div id=\"panel-gb3560-69e768370b1c6-2-1-2\" class=\"so-panel widget widget_sow-editor panel-last-child\" data-index=\"9\" ><div\n\t\t\t\n\t\t\tclass=\"so-widget-sow-editor so-widget-sow-editor-base\"\n\t\t\t\n\t\t>\n<div class=\"siteorigin-widget-tinymce textwidget\">\n\t<p>Los ejemplos mostrados en las fotograf\u00edas incluyen: el dise\u00f1o, construcci\u00f3n y operaci\u00f3n de una planta de pir\u00f3lisis\/gasificaci\u00f3n de residuos en lecho fluidizado a escala piloto; una planta a escala de demostraci\u00f3n de gasificaci\u00f3n de loso de depuradora, y una planta a escala comercial de gasificaci\u00f3n downdraft de biomasa residual.<\/p>\n<\/div>\n<\/div><\/div><\/div><div id=\"pgc-gb3560-69e768370b1c6-2-2\"  class=\"panel-grid-cell\" ><div id=\"panel-gb3560-69e768370b1c6-2-2-0\" class=\"so-panel widget widget_sow-editor panel-first-child\" data-index=\"10\" ><div\n\t\t\t\n\t\t\tclass=\"so-widget-sow-editor so-widget-sow-editor-base\"\n\t\t\t\n\t\t>\n<div class=\"siteorigin-widget-tinymce textwidget\">\n\t<hr \/>\n<h5 style=\"text-align: center;\">Algunas colaboraciones<\/h5>\n<\/div>\n<\/div><\/div><div id=\"panel-gb3560-69e768370b1c6-2-2-1\" class=\"so-panel widget widget_siteorigin-panels-builder panel-last-child\" data-index=\"11\" ><div id=\"pl-w646f28ab8528d\"  class=\"panel-layout\" ><div id=\"pg-w646f28ab8528d-0\"  class=\"panel-grid panel-no-style\" ><div id=\"pgc-w646f28ab8528d-0-0\"  class=\"panel-grid-cell\" ><div id=\"panel-w646f28ab8528d-0-0-0\" class=\"so-panel widget widget_sow-image panel-first-child panel-last-child\" data-index=\"0\" ><div\n\t\t\t\n\t\t\tclass=\"so-widget-sow-image so-widget-sow-image-default-c67d20f9f743\"\n\t\t\t\n\t\t>\n<div class=\"sow-image-container\">\n\t\t<img \n\tsrc=\"https:\/\/gpt.i3a.es\/wp-content\/uploads\/2021\/10\/urbaser.png\" width=\"800\" height=\"600\" srcset=\"https:\/\/gpt.i3a.es\/wp-content\/uploads\/2021\/10\/urbaser.png 800w, https:\/\/gpt.i3a.es\/wp-content\/uploads\/2021\/10\/urbaser-300x225.png 300w, https:\/\/gpt.i3a.es\/wp-content\/uploads\/2021\/10\/urbaser-768x576.png 768w, https:\/\/gpt.i3a.es\/wp-content\/uploads\/2021\/10\/urbaser-16x12.png 16w\" sizes=\"(max-width: 800px) 100vw, 800px\" alt=\"\" \t\tclass=\"so-widget-image\"\/>\n\t<\/div>\n\n<\/div><\/div><\/div><div id=\"pgc-w646f28ab8528d-0-1\"  class=\"panel-grid-cell\" ><div id=\"panel-w646f28ab8528d-0-1-0\" class=\"so-panel widget widget_sow-image panel-first-child panel-last-child\" data-index=\"1\" ><div\n\t\t\t\n\t\t\tclass=\"so-widget-sow-image so-widget-sow-image-default-c67d20f9f743\"\n\t\t\t\n\t\t>\n<div class=\"sow-image-container\">\n\t\t<img \n\tsrc=\"https:\/\/gpt.i3a.es\/wp-content\/uploads\/2020\/10\/LOGO-TAIM-WESER-e1542289007883.jpg\" width=\"250\" height=\"106\" srcset=\"https:\/\/gpt.i3a.es\/wp-content\/uploads\/2020\/10\/LOGO-TAIM-WESER-e1542289007883.jpg 250w, https:\/\/gpt.i3a.es\/wp-content\/uploads\/2020\/10\/LOGO-TAIM-WESER-e1542289007883-18x8.jpg 18w\" sizes=\"(max-width: 250px) 100vw, 250px\" alt=\"\" \t\tclass=\"so-widget-image\"\/>\n\t<\/div>\n\n<\/div><\/div><\/div><\/div><div id=\"pg-w646f28ab8528d-1\"  class=\"panel-grid panel-no-style\" ><div id=\"pgc-w646f28ab8528d-1-0\"  class=\"panel-grid-cell\" ><div id=\"panel-w646f28ab8528d-1-0-0\" class=\"so-panel widget widget_sow-image panel-first-child panel-last-child\" data-index=\"2\" ><div\n\t\t\t\n\t\t\tclass=\"so-widget-sow-image so-widget-sow-image-default-c67d20f9f743\"\n\t\t\t\n\t\t>\n<div class=\"sow-image-container\">\n\t\t<img \n\tsrc=\"https:\/\/gpt.i3a.es\/wp-content\/uploads\/2020\/10\/logo-saica-e1542289027753.jpg\" width=\"299\" height=\"136\" srcset=\"https:\/\/gpt.i3a.es\/wp-content\/uploads\/2020\/10\/logo-saica-e1542289027753.jpg 299w, https:\/\/gpt.i3a.es\/wp-content\/uploads\/2020\/10\/logo-saica-e1542289027753-18x8.jpg 18w\" sizes=\"(max-width: 299px) 100vw, 299px\" alt=\"\" \t\tclass=\"so-widget-image\"\/>\n\t<\/div>\n\n<\/div><\/div><\/div><div id=\"pgc-w646f28ab8528d-1-1\"  class=\"panel-grid-cell\" ><div id=\"panel-w646f28ab8528d-1-1-0\" class=\"so-panel widget widget_sow-image panel-first-child panel-last-child\" data-index=\"3\" ><div\n\t\t\t\n\t\t\tclass=\"so-widget-sow-image so-widget-sow-image-default-c67d20f9f743\"\n\t\t\t\n\t\t>\n<div class=\"sow-image-container\">\n\t\t<img \n\tsrc=\"https:\/\/gpt.i3a.es\/wp-content\/uploads\/2020\/10\/cadagua-1-1024x482-1.jpg\" width=\"1024\" height=\"482\" srcset=\"https:\/\/gpt.i3a.es\/wp-content\/uploads\/2020\/10\/cadagua-1-1024x482-1.jpg 1024w, https:\/\/gpt.i3a.es\/wp-content\/uploads\/2020\/10\/cadagua-1-1024x482-1-300x141.jpg 300w, https:\/\/gpt.i3a.es\/wp-content\/uploads\/2020\/10\/cadagua-1-1024x482-1-768x362.jpg 768w, https:\/\/gpt.i3a.es\/wp-content\/uploads\/2020\/10\/cadagua-1-1024x482-1-18x8.jpg 18w\" sizes=\"(max-width: 1024px) 100vw, 1024px\" title=\"cadagua-1-1024&#215;482\" alt=\"\" \t\tclass=\"so-widget-image\"\/>\n\t<\/div>\n\n<\/div><\/div><\/div><\/div><div id=\"pg-w646f28ab8528d-2\"  class=\"panel-grid panel-no-style\" ><div id=\"pgc-w646f28ab8528d-2-0\"  class=\"panel-grid-cell\" ><div id=\"panel-w646f28ab8528d-2-0-0\" class=\"so-panel widget widget_sow-image panel-first-child panel-last-child\" data-index=\"4\" ><div\n\t\t\t\n\t\t\tclass=\"so-widget-sow-image so-widget-sow-image-default-c67d20f9f743\"\n\t\t\t\n\t\t>\n<div class=\"sow-image-container\">\n\t\t<img \n\tsrc=\"https:\/\/gpt.i3a.es\/wp-content\/uploads\/2020\/10\/josper-logo.png\" width=\"400\" height=\"217\" srcset=\"https:\/\/gpt.i3a.es\/wp-content\/uploads\/2020\/10\/josper-logo.png 400w, https:\/\/gpt.i3a.es\/wp-content\/uploads\/2020\/10\/josper-logo-300x163.png 300w, https:\/\/gpt.i3a.es\/wp-content\/uploads\/2020\/10\/josper-logo-18x10.png 18w\" sizes=\"(max-width: 400px) 100vw, 400px\" alt=\"\" \t\tclass=\"so-widget-image\"\/>\n\t<\/div>\n\n<\/div><\/div><\/div><div id=\"pgc-w646f28ab8528d-2-1\"  class=\"panel-grid-cell\" ><div id=\"panel-w646f28ab8528d-2-1-0\" class=\"so-panel widget widget_sow-image panel-first-child panel-last-child\" data-index=\"5\" ><div\n\t\t\t\n\t\t\tclass=\"so-widget-sow-image so-widget-sow-image-default-c67d20f9f743\"\n\t\t\t\n\t\t>\n<div class=\"sow-image-container\">\n\t\t<img \n\tsrc=\"https:\/\/gpt.i3a.es\/wp-content\/uploads\/2020\/10\/carbures.jpg\" width=\"340\" height=\"148\" srcset=\"https:\/\/gpt.i3a.es\/wp-content\/uploads\/2020\/10\/carbures.jpg 340w, https:\/\/gpt.i3a.es\/wp-content\/uploads\/2020\/10\/carbures-300x131.jpg 300w, https:\/\/gpt.i3a.es\/wp-content\/uploads\/2020\/10\/carbures-18x8.jpg 18w\" sizes=\"(max-width: 340px) 100vw, 340px\" alt=\"\" \t\tclass=\"so-widget-image\"\/>\n\t<\/div>\n\n<\/div><\/div><\/div><\/div><div id=\"pg-w646f28ab8528d-3\"  class=\"panel-grid panel-no-style\" ><div id=\"pgc-w646f28ab8528d-3-0\"  class=\"panel-grid-cell panel-grid-cell-mobile-last\" ><div id=\"panel-w646f28ab8528d-3-0-0\" class=\"so-panel widget widget_sow-image panel-first-child panel-last-child\" data-index=\"6\" ><div\n\t\t\t\n\t\t\tclass=\"so-widget-sow-image so-widget-sow-image-default-c67d20f9f743\"\n\t\t\t\n\t\t>\n<div class=\"sow-image-container\">\n\t\t<img \n\tsrc=\"https:\/\/gpt.i3a.es\/wp-content\/uploads\/2020\/10\/abengoa-e1542289077597.png\" width=\"900\" height=\"402\" srcset=\"https:\/\/gpt.i3a.es\/wp-content\/uploads\/2020\/10\/abengoa-e1542289077597.png 900w, https:\/\/gpt.i3a.es\/wp-content\/uploads\/2020\/10\/abengoa-e1542289077597-300x134.png 300w, https:\/\/gpt.i3a.es\/wp-content\/uploads\/2020\/10\/abengoa-e1542289077597-768x343.png 768w, https:\/\/gpt.i3a.es\/wp-content\/uploads\/2020\/10\/abengoa-e1542289077597-18x8.png 18w\" sizes=\"(max-width: 900px) 100vw, 900px\" alt=\"\" \t\tclass=\"so-widget-image\"\/>\n\t<\/div>\n\n<\/div><\/div><\/div><div id=\"pgc-w646f28ab8528d-3-1\"  class=\"panel-grid-cell panel-grid-cell-empty\" ><\/div><\/div><\/div><\/div><\/div><\/div><\/div>","protected":false},"excerpt":{"rendered":"","protected":false},"author":1,"featured_media":0,"parent":0,"menu_order":0,"comment_status":"closed","ping_status":"closed","template":"","meta":{"footnotes":""},"class_list":["post-3560","page","type-page","status-publish"],"_links":{"self":[{"href":"https:\/\/gpt.i3a.es\/es\/wp-json\/wp\/v2\/pages\/3560","targetHints":{"allow":["GET"]}}],"collection":[{"href":"https:\/\/gpt.i3a.es\/es\/wp-json\/wp\/v2\/pages"}],"about":[{"href":"https:\/\/gpt.i3a.es\/es\/wp-json\/wp\/v2\/types\/page"}],"author":[{"embeddable":true,"href":"https:\/\/gpt.i3a.es\/es\/wp-json\/wp\/v2\/users\/1"}],"replies":[{"embeddable":true,"href":"https:\/\/gpt.i3a.es\/es\/wp-json\/wp\/v2\/comments?post=3560"}],"version-history":[{"count":30,"href":"https:\/\/gpt.i3a.es\/es\/wp-json\/wp\/v2\/pages\/3560\/revisions"}],"predecessor-version":[{"id":5054,"href":"https:\/\/gpt.i3a.es\/es\/wp-json\/wp\/v2\/pages\/3560\/revisions\/5054"}],"wp:attachment":[{"href":"https:\/\/gpt.i3a.es\/es\/wp-json\/wp\/v2\/media?parent=3560"}],"curies":[{"name":"wp","href":"https:\/\/api.w.org\/{rel}","templated":true}]}}